{"id":6,"date":"2021-04-12T07:25:43","date_gmt":"2021-04-12T07:25:43","guid":{"rendered":"http:\/\/tech5.mypagedemo.com\/nevovietnam\/?page_id=6"},"modified":"2021-04-13T09:23:09","modified_gmt":"2021-04-13T09:23:09","slug":"trang-chu","status":"publish","type":"page","link":"https:\/\/tech5.mypagedemo.com\/nevovietnam\/","title":{"rendered":"Trang ch\u1ee7"},"content":{"rendered":"<p>[vc_row el_class=&#8221;wrap-titleall&#8221;][vc_column][vc_custom_heading text=&#8221;L\u0128NH V\u1ef0C HO\u1ea0T \u0110\u1ed8NG&#8221; font_container=&#8221;tag:h2|text_align:center&#8221; use_theme_fonts=&#8221;yes&#8221;][\/vc_column][\/vc_row][vc_row el_class=&#8221;wrap-linhvuc&#8221;][vc_column width=&#8221;1\/3&#8243;]<div class=\"porto-sicon-box style_1 top-icon\"><div class=\"porto-sicon-top\"><div id=\"porto-icon-20714877069eb27f708b2b\" class=\"porto-just-icon-wrapper\" style=\"text-align:center;\"><div class=\"porto-sicon-img \" style=\"display:inline-block;font-size: 350px;\"><img loading=\"lazy\" decoding=\"async\" class=\"img-icon\" alt=\"\" src=\"https:\/\/tech5.mypagedemo.com\/nevovietnam\/wp-content\/uploads\/2021\/04\/rectangle-copy-7-1.png\" width=\"350\" height=\"200\" \/><\/div><\/div><\/div><div class=\"porto-sicon-header\"><h3 class=\"porto-sicon-title\" style=\"\">T\u1ed4NG TH\u1ea6U THI C\u00d4NG<\/h3><\/div> <!-- header --><\/div><!-- porto-sicon-box -->[\/vc_column][vc_column width=&#8221;1\/3&#8243;]<div class=\"porto-sicon-box style_1 top-icon\"><div class=\"porto-sicon-top\"><div id=\"porto-icon-213645293269eb27f709c38\" class=\"porto-just-icon-wrapper\" style=\"text-align:center;\"><div class=\"porto-sicon-img \" style=\"display:inline-block;font-size: 350px;\"><img loading=\"lazy\" decoding=\"async\" class=\"img-icon\" alt=\"\" src=\"https:\/\/tech5.mypagedemo.com\/nevovietnam\/wp-content\/uploads\/2021\/04\/rectangle-copy-7.png\" width=\"350\" height=\"200\" \/><\/div><\/div><\/div><div class=\"porto-sicon-header\"><h3 class=\"porto-sicon-title\" style=\"\">C\u00d4NG NGH\u1ec6 S\u00c0N NEVO<\/h3><\/div> <!-- header --><\/div><!-- porto-sicon-box -->[\/vc_column][vc_column width=&#8221;1\/3&#8243;]<div class=\"porto-sicon-box style_1 top-icon\"><div class=\"porto-sicon-top\"><div id=\"porto-icon-102075281769eb27f70ac71\" class=\"porto-just-icon-wrapper\" style=\"text-align:center;\"><div class=\"porto-sicon-img \" style=\"display:inline-block;font-size: 350px;\"><img loading=\"lazy\" decoding=\"async\" class=\"img-icon\" alt=\"\" src=\"https:\/\/tech5.mypagedemo.com\/nevovietnam\/wp-content\/uploads\/2021\/04\/rectangle-copy-71.png\" width=\"350\" height=\"200\" \/><\/div><\/div><\/div><div class=\"porto-sicon-header\"><h3 class=\"porto-sicon-title\" style=\"\">T\u01af V\u1ea4N THI\u1ebeT K\u1ebe<\/h3><\/div> <!-- header --><\/div><!-- porto-sicon-box -->[\/vc_column][\/vc_row][vc_row full_width=&#8221;stretch_row_content_no_spaces&#8221; wrap_container=&#8221;yes&#8221; el_class=&#8221;wrap-duan&#8221; css=&#8221;.vc_custom_1618217474129{margin-top: 30px !important;background-color: #e0e0e0 !important;}&#8221;][vc_column][vc_row_inner el_class=&#8221;wrap-titleall&#8221; css=&#8221;.vc_custom_1618217505055{padding-top: 20px !important;}&#8221;][vc_column_inner][vc_custom_heading text=&#8221;D\u1ef0 \u00c1N N\u1ed4I B\u1eacT&#8221; font_container=&#8221;tag:h2|text_align:center&#8221; use_theme_fonts=&#8221;yes&#8221;][\/vc_column_inner][\/vc_row_inner][vc_row_inner el_class=&#8221;wrap-duan&#8221;][vc_column_inner width=&#8221;1\/3&#8243;][vc_single_image image=&#8221;45&#8243; img_size=&#8221;500&#215;300&#8243; alignment=&#8221;center&#8221; onclick=&#8221;custom_link&#8221; title=&#8221;KH\u00c1CH S\u1ea0N&#8221; link=&#8221;http:\/\/zing.vn&#8221; label=&#8221;&#8221;][\/vc_column_inner][vc_column_inner width=&#8221;1\/3&#8243;][vc_single_image image=&#8221;43&#8243; img_size=&#8221;500&#215;300&#8243; alignment=&#8221;center&#8221; onclick=&#8221;custom_link&#8221; title=&#8221;V\u0102N PH\u00d2NG&#8221; link=&#8221;#&#8221; label=&#8221;&#8221;][\/vc_column_inner][vc_column_inner width=&#8221;1\/3&#8243;][vc_single_image image=&#8221;42&#8243; img_size=&#8221;500&#215;300&#8243; alignment=&#8221;center&#8221; onclick=&#8221;custom_link&#8221; title=&#8221;TR\u01af\u1edcNG H\u1eccC&#8221; link=&#8221;#&#8221; label=&#8221;&#8221;][\/vc_column_inner][\/vc_row_inner][vc_row_inner el_class=&#8221;wrap-duan&#8221;][vc_column_inner width=&#8221;1\/3&#8243;][vc_single_image image=&#8221;44&#8243; img_size=&#8221;500&#215;300&#8243; alignment=&#8221;center&#8221; onclick=&#8221;custom_link&#8221; title=&#8221;TRUNG T\u00c2M H\u1ed8I NGH\u1eca&#8221; link=&#8221;#&#8221; label=&#8221;&#8221;][\/vc_column_inner][vc_column_inner width=&#8221;1\/3&#8243;][vc_single_image image=&#8221;46&#8243; img_size=&#8221;500&#215;300&#8243; alignment=&#8221;center&#8221; onclick=&#8221;custom_link&#8221; title=&#8221;NH\u00c0 \u1ede VILLA&#8221; link=&#8221;#&#8221; label=&#8221;&#8221;][\/vc_column_inner][vc_column_inner width=&#8221;1\/3&#8243;][vc_single_image image=&#8221;47&#8243; img_size=&#8221;500&#215;300&#8243; alignment=&#8221;center&#8221; onclick=&#8221;custom_link&#8221; title=&#8221;D\u1ef0 \u00c1N KH\u00c1C&#8221; link=&#8221;#&#8221; label=&#8221;&#8221;][\/vc_column_inner][\/vc_row_inner][\/vc_column][\/vc_row][vc_row][vc_column][vc_row_inner el_class=&#8221;wrap-titleall&#8221; css=&#8221;.vc_custom_1618217505055{padding-top: 20px !important;}&#8221;][vc_column_inner][vc_custom_heading text=&#8221;D\u1ef0 \u00c1N N\u1ed4I B\u1eacT&#8221; font_container=&#8221;tag:h2|text_align:center&#8221; use_theme_fonts=&#8221;yes&#8221;][\/vc_column_inner][\/vc_row_inner]<div class=\"porto-recent-posts wpb_content_element \">\t<div class=\"row\">\n\t\t<div class=\"post-carousel porto-carousel owl-carousel\" data-plugin-options=\"{&quot;themeConfig&quot;:true,&quot;lg&quot;:4,&quot;md&quot;:3,&quot;sm&quot;:2}\">\n\t\t\t<div class=\"post-slide\"><div class=\"post-item style-6 post-title-simple\">\n\t\t<a href=\"https:\/\/tech5.mypagedemo.com\/nevovietnam\/2021\/04\/12\/san-nevo-giai-phap-xay-dung-hien-dai-va-tham-my\/\"> <span class=\"post-image thumb-info thumb-info-hide-wrapper-bg m-b-md\"> <span class=\"thumb-info-wrapper\"> <img loading=\"lazy\" decoding=\"async\" class=\"img-responsive\" width=\"450\" height=\"301\" src=\"https:\/\/tech5.mypagedemo.com\/nevovietnam\/wp-content\/uploads\/2021\/04\/h1-450.jpg\" alt=\"\" \/>\n\t\t\t<span class=\"zoom\" data-src=\"https:\/\/tech5.mypagedemo.com\/nevovietnam\/wp-content\/uploads\/2021\/04\/h1-450.jpg\" data-title=\"\"><i class=\"fas fa-search\"><\/i><\/span>\n\t\t<\/span> <\/span> <\/a>\n\t\t<span class=\"meta-date\"><i class=\"far fa-clock\"><\/i> 12\/04\/2021<\/span>\n\t<h3> <a class=\"text-decoration-none text-dark\" href=\"https:\/\/tech5.mypagedemo.com\/nevovietnam\/2021\/04\/12\/san-nevo-giai-phap-xay-dung-hien-dai-va-tham-my\/\">\n\tS\u00c0N NEVO \u2013 GI\u1ea2I PH\u00c1P X\u00c2Y D\u1ef0NG HI\u1ec6N \u0110\u1ea0I V\u00c0 TH\u1ea8M M\u1ef8\t<\/a> <\/h3>\n\t<a href=\"https:\/\/tech5.mypagedemo.com\/nevovietnam\/2021\/04\/12\/san-nevo-giai-phap-xay-dung-hien-dai-va-tham-my\/\" class=\"read-more\"><span>Xem th\u00eam<\/span> <i class=\"fa fa-play\"><\/i><\/a>\n<\/div>\n<\/div><div class=\"post-slide\"><div class=\"post-item style-6 post-title-simple\">\n\t\t<a href=\"https:\/\/tech5.mypagedemo.com\/nevovietnam\/2021\/04\/12\/san-nevo-duoc-de-xuat-la-giai-phap-xay-dung-nha-hien-dai\/\"> <span class=\"post-image thumb-info thumb-info-hide-wrapper-bg m-b-md\"> <span class=\"thumb-info-wrapper\"> <img loading=\"lazy\" decoding=\"async\" class=\"img-responsive\" width=\"450\" height=\"301\" src=\"https:\/\/tech5.mypagedemo.com\/nevovietnam\/wp-content\/uploads\/2021\/04\/h2-450.jpg\" alt=\"\" \/>\n\t\t\t<span class=\"zoom\" data-src=\"https:\/\/tech5.mypagedemo.com\/nevovietnam\/wp-content\/uploads\/2021\/04\/h2-450.jpg\" data-title=\"\"><i class=\"fas fa-search\"><\/i><\/span>\n\t\t<\/span> <\/span> <\/a>\n\t\t<span class=\"meta-date\"><i class=\"far fa-clock\"><\/i> 12\/04\/2021<\/span>\n\t<h3> <a class=\"text-decoration-none text-dark\" href=\"https:\/\/tech5.mypagedemo.com\/nevovietnam\/2021\/04\/12\/san-nevo-duoc-de-xuat-la-giai-phap-xay-dung-nha-hien-dai\/\">\n\tS\u00c0N NEVO \u0110\u01af\u1ee2C \u0110\u1ec0 XU\u1ea4T L\u00c0 GI\u1ea2I PH\u00c1P X\u00c2Y D\u1ef0NG NH\u00c0 HI\u1ec6N \u0110\u1ea0I\t<\/a> <\/h3>\n\t<a href=\"https:\/\/tech5.mypagedemo.com\/nevovietnam\/2021\/04\/12\/san-nevo-duoc-de-xuat-la-giai-phap-xay-dung-nha-hien-dai\/\" class=\"read-more\"><span>Xem th\u00eam<\/span> <i class=\"fa fa-play\"><\/i><\/a>\n<\/div>\n<\/div><div class=\"post-slide\"><div class=\"post-item style-6 post-title-simple\">\n\t\t<a href=\"https:\/\/tech5.mypagedemo.com\/nevovietnam\/2021\/04\/12\/nevo-viet-nam-bi-mot-so-website-gia-mao\/\"> <span class=\"post-image thumb-info thumb-info-hide-wrapper-bg m-b-md\"> <span class=\"thumb-info-wrapper\"> <img loading=\"lazy\" decoding=\"async\" class=\"img-responsive\" width=\"450\" height=\"301\" src=\"https:\/\/tech5.mypagedemo.com\/nevovietnam\/wp-content\/uploads\/2021\/04\/h4-450.jpg\" alt=\"\" \/>\n\t\t\t<span class=\"zoom\" data-src=\"https:\/\/tech5.mypagedemo.com\/nevovietnam\/wp-content\/uploads\/2021\/04\/h4-450.jpg\" data-title=\"\"><i class=\"fas fa-search\"><\/i><\/span>\n\t\t<\/span> <\/span> <\/a>\n\t\t<span class=\"meta-date\"><i class=\"far fa-clock\"><\/i> 12\/04\/2021<\/span>\n\t<h3> <a class=\"text-decoration-none text-dark\" href=\"https:\/\/tech5.mypagedemo.com\/nevovietnam\/2021\/04\/12\/nevo-viet-nam-bi-mot-so-website-gia-mao\/\">\n\tNEVO VI\u1ec6T NAM B\u1eca M\u1ed8T S\u1ed0 WEBSITE GI\u1ea2 M\u1ea0O\t<\/a> <\/h3>\n\t<a href=\"https:\/\/tech5.mypagedemo.com\/nevovietnam\/2021\/04\/12\/nevo-viet-nam-bi-mot-so-website-gia-mao\/\" class=\"read-more\"><span>Xem th\u00eam<\/span> <i class=\"fa fa-play\"><\/i><\/a>\n<\/div>\n<\/div><div class=\"post-slide\"><div class=\"post-item style-6 post-title-simple\">\n\t\t<a href=\"https:\/\/tech5.mypagedemo.com\/nevovietnam\/2021\/04\/12\/nevo-viet-nam-bi-gia-mao-ten-thuong-mai-va-logo-nhan-dien-thuong-hieu\/\"> <span class=\"post-image thumb-info thumb-info-hide-wrapper-bg m-b-md\"> <span class=\"thumb-info-wrapper\"> <img loading=\"lazy\" decoding=\"async\" class=\"img-responsive\" width=\"450\" height=\"301\" src=\"https:\/\/tech5.mypagedemo.com\/nevovietnam\/wp-content\/uploads\/2021\/04\/h5-450.jpg\" alt=\"\" \/>\n\t\t\t<span class=\"zoom\" data-src=\"https:\/\/tech5.mypagedemo.com\/nevovietnam\/wp-content\/uploads\/2021\/04\/h5-450.jpg\" data-title=\"\"><i class=\"fas fa-search\"><\/i><\/span>\n\t\t<\/span> <\/span> <\/a>\n\t\t<span class=\"meta-date\"><i class=\"far fa-clock\"><\/i> 12\/04\/2021<\/span>\n\t<h3> <a class=\"text-decoration-none text-dark\" href=\"https:\/\/tech5.mypagedemo.com\/nevovietnam\/2021\/04\/12\/nevo-viet-nam-bi-gia-mao-ten-thuong-mai-va-logo-nhan-dien-thuong-hieu\/\">\n\tNEVO VI\u1ec6T NAM B\u1eca GI\u1ea2 M\u1ea0O T\u00caN TH\u01af\u01a0NG M\u1ea0I V\u00c0 LOGO NH\u1eacN DI\u1ec6N TH\u01af\u01a0NG HI\u1ec6U\t<\/a> <\/h3>\n\t<a href=\"https:\/\/tech5.mypagedemo.com\/nevovietnam\/2021\/04\/12\/nevo-viet-nam-bi-gia-mao-ten-thuong-mai-va-logo-nhan-dien-thuong-hieu\/\" class=\"read-more\"><span>Xem th\u00eam<\/span> <i class=\"fa fa-play\"><\/i><\/a>\n<\/div>\n<\/div><div class=\"post-slide\"><div class=\"post-item style-6 post-title-simple\">\n\t\t<a href=\"https:\/\/tech5.mypagedemo.com\/nevovietnam\/2021\/04\/12\/chao-moi-nguoi\/\"> <span class=\"post-image thumb-info thumb-info-hide-wrapper-bg m-b-md\"> <span class=\"thumb-info-wrapper\"> <img loading=\"lazy\" decoding=\"async\" class=\"img-responsive\" width=\"450\" height=\"301\" src=\"https:\/\/tech5.mypagedemo.com\/nevovietnam\/wp-content\/uploads\/2021\/04\/h1-450.jpg\" alt=\"\" \/>\n\t\t\t<span class=\"zoom\" data-src=\"https:\/\/tech5.mypagedemo.com\/nevovietnam\/wp-content\/uploads\/2021\/04\/h1-450.jpg\" data-title=\"\"><i class=\"fas fa-search\"><\/i><\/span>\n\t\t<\/span> <\/span> <\/a>\n\t\t<span class=\"meta-date\"><i class=\"far fa-clock\"><\/i> 12\/04\/2021<\/span>\n\t<h3> <a class=\"text-decoration-none text-dark\" href=\"https:\/\/tech5.mypagedemo.com\/nevovietnam\/2021\/04\/12\/chao-moi-nguoi\/\">\n\tS\u00c0N NEVO\u2013GI\u1ea2I PH\u00c1P CH\u1ed0NG N\u00d3NG HI\u1ec6U QU\u1ea2 CHO M\u1eccI C\u00d4NG TR\u00ccNH\t<\/a> <\/h3>\n\t<a href=\"https:\/\/tech5.mypagedemo.com\/nevovietnam\/2021\/04\/12\/chao-moi-nguoi\/\" class=\"read-more\"><span>Xem th\u00eam<\/span> <i class=\"fa fa-play\"><\/i><\/a>\n<\/div>\n<\/div>\t\t<\/div>\n\t<\/div>\n\t<\/div>[\/vc_column][\/vc_row][vc_row full_width=&#8221;stretch_row_content_no_spaces&#8221; wrap_container=&#8221;yes&#8221; el_class=&#8221;wrap-khdt&#8221; css=&#8221;.vc_custom_1618286334790{background-color: #e0e0e0 !important;}&#8221;][vc_column][vc_row_inner el_class=&#8221;wrap-titleall&#8221; css=&#8221;.vc_custom_1618217505055{padding-top: 20px !important;}&#8221;][vc_column_inner][vc_custom_heading text=&#8221;KH\u00c1CH H\u00c0NG V\u00c0 \u0110\u1ed0I T\u00c1C&#8221; font_container=&#8221;tag:h2|text_align:center&#8221; use_theme_fonts=&#8221;yes&#8221;][\/vc_column_inner][\/vc_row_inner]<div id=\"porto-carousel-101851770369eb27f716cd1\" class=\"porto-carousel-wrapper  \" data-gutter=\"15\" data-rtl=\"false\" ><div class=\"porto-ultimate-carousel porto-carousel-97426408669eb27f716c87 \" >[vc_single_image image=&#8221;80&#8243; img_size=&#8221;full&#8221; alignment=&#8221;center&#8221;][vc_single_image image=&#8221;81&#8243; img_size=&#8221;full&#8221; alignment=&#8221;center&#8221;][vc_single_image image=&#8221;82&#8243; img_size=&#8221;full&#8221; alignment=&#8221;center&#8221;][vc_single_image image=&#8221;83&#8243; img_size=&#8221;full&#8221; alignment=&#8221;center&#8221;][vc_single_image image=&#8221;84&#8243; img_size=&#8221;full&#8221; alignment=&#8221;center&#8221;]<\/div><\/div><script>\n\tjQuery(document).ready(function ($) {\n\t\tif ($.fn.slick) {\n\t\t\t$('.porto-carousel-97426408669eb27f716c87').slick({dots: false,autoplay: true,autoplaySpeed: 5000,speed: 300,infinite: true,arrows: true,nextArrow: '<button type=\"button\" role=\"button\" aria-label=\"Next\" style=\"color:#333333; font-size:20px;\" class=\"slick-next default\"><i class=\"fas fa-chevron-right\"><\/i><\/button>',prevArrow: '<button type=\"button\" role=\"button\" aria-label=\"Previous\" style=\"color:#333333; font-size:20px;\" class=\"slick-prev default\"><i class=\"fas fa-chevron-left\"><\/i><\/button>',slidesToScroll:4,slidesToShow:4,swipe: true,draggable: true,touchMove: true,pauseOnHover: true,responsive: [\n\t\t\t\t{\n\t\t\t\t  breakpoint: 1025,\n\t\t\t\t  settings: {\n\t\t\t\t\tslidesToShow: 4,\n\t\t\t\t\tslidesToScroll: 4,  \n\t\t\t\t  }\n\t\t\t\t},\n\t\t\t\t{\n\t\t\t\t  breakpoint: 769,\n\t\t\t\t  settings: {\n\t\t\t\t\tslidesToShow: 3,\n\t\t\t\t\tslidesToScroll: 3\n\t\t\t\t  }\n\t\t\t\t},\n\t\t\t\t{\n\t\t\t\t  breakpoint: 481,\n\t\t\t\t  settings: {\n\t\t\t\t\tslidesToShow: 2,\n\t\t\t\t\tslidesToScroll: 2\n\t\t\t\t  }\n\t\t\t\t}\n\t\t\t],pauseOnDotsHover: true,customPaging: function(slider, i) {\n\t   return '<i type=\"button\" style=\"color:#333333;\" class=\"far fa-circle\" data-role=\"none\"><\/i>';\n\t},});\n\t\t} else {\n\t\t\tvar c = document.createElement(\"script\");\n\t\t\tc.src = \"\";\n\t\t\tif (!$('script[src=\"' + c.src + '\"]').length) {\n\t\t\t\tdocument.getElementsByTagName(\"body\")[0].appendChild(c);\n\t\t\t}\n\t\t\tc = document.createElement(\"script\");\n\t\t\tc.src = \"\";\n\t\t\tif (!$('script[src=\"' + c.src + '\"]').length) {\n\t\t\t\tdocument.getElementsByTagName(\"body\")[0].appendChild(c);\n\t\t\t}\n\t\t\tsetTimeout(function() {\n\t\t\t\tif ($.fn.slick) { $('.porto-carousel-97426408669eb27f716c87').slick({dots: false,autoplay: true,autoplaySpeed: 5000,speed: 300,infinite: true,arrows: true,nextArrow: '<button type=\"button\" role=\"button\" aria-label=\"Next\" style=\"color:#333333; font-size:20px;\" class=\"slick-next default\"><i class=\"fas fa-chevron-right\"><\/i><\/button>',prevArrow: '<button type=\"button\" role=\"button\" aria-label=\"Previous\" style=\"color:#333333; font-size:20px;\" class=\"slick-prev default\"><i class=\"fas fa-chevron-left\"><\/i><\/button>',slidesToScroll:4,slidesToShow:4,swipe: true,draggable: true,touchMove: true,pauseOnHover: true,responsive: [\n\t\t\t\t{\n\t\t\t\t  breakpoint: 1025,\n\t\t\t\t  settings: {\n\t\t\t\t\tslidesToShow: 4,\n\t\t\t\t\tslidesToScroll: 4,  \n\t\t\t\t  }\n\t\t\t\t},\n\t\t\t\t{\n\t\t\t\t  breakpoint: 769,\n\t\t\t\t  settings: {\n\t\t\t\t\tslidesToShow: 3,\n\t\t\t\t\tslidesToScroll: 3\n\t\t\t\t  }\n\t\t\t\t},\n\t\t\t\t{\n\t\t\t\t  breakpoint: 481,\n\t\t\t\t  settings: {\n\t\t\t\t\tslidesToShow: 2,\n\t\t\t\t\tslidesToScroll: 2\n\t\t\t\t  }\n\t\t\t\t}\n\t\t\t],pauseOnDotsHover: true,customPaging: function(slider, i) {\n\t   return '<i type=\"button\" style=\"color:#333333;\" class=\"far fa-circle\" data-role=\"none\"><\/i>';\n\t},}); }\n\t\t\t}, 300);\n\t\t}\n\t});\n<\/script>\n[\/vc_column][\/vc_row]<\/p>\n","protected":false},"excerpt":{"rendered":"<p>[vc_row el_class=&#8221;wrap-titleall&#8221;][vc_column][vc_custom_heading text=&#8221;L\u0128NH V\u1ef0C HO\u1ea0T \u0110\u1ed8NG&#8221; font_container=&#8221;tag:h2|text_align:center&#8221; use_theme_fonts=&#8221;yes&#8221;][\/vc_column][\/vc_row][vc_row el_class=&#8221;wrap-linhvuc&#8221;][vc_column width=&#8221;1\/3&#8243;][\/vc_column][vc_column width=&#8221;1\/3&#8243;][\/vc_column][vc_column width=&#8221;1\/3&#8243;][\/vc_column][\/vc_row][vc_row full_width=&#8221;stretch_row_content_no_spaces&#8221; wrap_container=&#8221;yes&#8221; el_class=&#8221;wrap-duan&#8221; css=&#8221;.vc_custom_1618217474129{margin-top: 30px !important;background-color: #e0e0e0 !important;}&#8221;][vc_column][vc_row_inner el_class=&#8221;wrap-titleall&#8221; css=&#8221;.vc_custom_1618217505055{padding-top: 20px !important;}&#8221;][vc_column_inner][vc_custom_heading text=&#8221;D\u1ef0 \u00c1N N\u1ed4I B\u1eacT&#8221; font_container=&#8221;tag:h2|text_align:center&#8221; use_theme_fonts=&#8221;yes&#8221;][\/vc_column_inner][\/vc_row_inner][vc_row_inner el_class=&#8221;wrap-duan&#8221;][vc_column_inner width=&#8221;1\/3&#8243;][vc_single_image image=&#8221;45&#8243; img_size=&#8221;500&#215;300&#8243; alignment=&#8221;center&#8221; onclick=&#8221;custom_link&#8221; title=&#8221;KH\u00c1CH S\u1ea0N&#8221; link=&#8221;http:\/\/zing.vn&#8221; label=&#8221;&#8221;][\/vc_column_inner][vc_column_inner width=&#8221;1\/3&#8243;][vc_single_image image=&#8221;43&#8243; img_size=&#8221;500&#215;300&#8243; alignment=&#8221;center&#8221; onclick=&#8221;custom_link&#8221; title=&#8221;V\u0102N PH\u00d2NG&#8221; link=&#8221;#&#8221; label=&#8221;&#8221;][\/vc_column_inner][vc_column_inner width=&#8221;1\/3&#8243;][vc_single_image image=&#8221;42&#8243; img_size=&#8221;500&#215;300&#8243; alignment=&#8221;center&#8221; onclick=&#8221;custom_link&#8221; title=&#8221;TR\u01af\u1edcNG [&hellip;]<\/p>\n","protected":false},"author":1,"featured_media":0,"parent":0,"menu_order":0,"comment_status":"closed","ping_status":"closed","template":"","meta":{"footnotes":""},"class_list":["post-6","page","type-page","status-publish","hentry"],"_links":{"self":[{"href":"https:\/\/tech5.mypagedemo.com\/nevovietnam\/wp-json\/wp\/v2\/pages\/6","targetHints":{"allow":["GET"]}}],"collection":[{"href":"https:\/\/tech5.mypagedemo.com\/nevovietnam\/wp-json\/wp\/v2\/pages"}],"about":[{"href":"https:\/\/tech5.mypagedemo.com\/nevovietnam\/wp-json\/wp\/v2\/types\/page"}],"author":[{"embeddable":true,"href":"https:\/\/tech5.mypagedemo.com\/nevovietnam\/wp-json\/wp\/v2\/users\/1"}],"replies":[{"embeddable":true,"href":"https:\/\/tech5.mypagedemo.com\/nevovietnam\/wp-json\/wp\/v2\/comments?post=6"}],"version-history":[{"count":31,"href":"https:\/\/tech5.mypagedemo.com\/nevovietnam\/wp-json\/wp\/v2\/pages\/6\/revisions"}],"predecessor-version":[{"id":29,"href":"https:\/\/tech5.mypagedemo.com\/nevovietnam\/wp-json\/wp\/v2\/pages\/6\/revisions\/29"}],"wp:attachment":[{"href":"https:\/\/tech5.mypagedemo.com\/nevovietnam\/wp-json\/wp\/v2\/media?parent=6"}],"curies":[{"name":"wp","href":"https:\/\/api.w.org\/{rel}","templated":true}]}}