{"id":8,"date":"2021-04-12T07:26:49","date_gmt":"2021-04-12T07:26:49","guid":{"rendered":"http:\/\/tech5.mypagedemo.com\/nevovietnam\/?page_id=8"},"modified":"2021-04-13T08:25:25","modified_gmt":"2021-04-13T08:25:25","slug":"gioi-thieu","status":"publish","type":"page","link":"https:\/\/tech5.mypagedemo.com\/nevovietnam\/gioi-thieu\/","title":{"rendered":"Gi\u1edbi thi\u1ec7u"},"content":{"rendered":"<p>[vc_row][vc_column][vc_tta_tabs][vc_tta_section title=&#8221;T\u1ed5ng quan c\u00f4ng ty&#8221; tab_id=&#8221;1618301958693-b37da17b-0af6&#8243;][vc_column_text]C\u00f4ng ty C\u1ed5 ph\u1ea7n \u0110\u1ea7u t\u01b0 X\u00e2y d\u1ef1ng\u00a0<strong>NEWTECONS<\/strong>\u00a0\u0111\u01b0\u1ee3c th\u00e0nh l\u1eadp v\u00e0o th\u00e1ng 10 n\u0103m 2003, \u0111\u01b0\u1ee3c bi\u1ebft \u0111\u1ebfn l\u00e0 m\u1ed9t trong nh\u1eefng \u0111\u01a1n v\u1ecb uy t\u00edn trong l\u0129nh v\u1ef1c thi c\u00f4ng x\u00e2y d\u1ef1ng v\u1edbi \u0111a d\u1ea1ng c\u00e1c lo\u1ea1i h\u00ecnh c\u00f4ng tr\u00ecnh, t\u1eeb d\u1ef1 \u00e1n trung t\u00e2m th\u01b0\u01a1ng m\u1ea1i, khu c\u0103n h\u1ed9 cao c\u1ea5p \u0111\u1ebfn d\u1ef1 \u00e1n h\u1ea1 t\u1ea7ng, cao \u1ed1c v\u0103n ph\u00f2ng, nh\u00e0 x\u01b0\u1edfng s\u1ea3n xu\u1ea5t hi\u1ec7n \u0111\u1ea1i. Trong nhi\u1ec1u n\u0103m qua, v\u1edbi kh\u00e1t v\u1ecdng x\u00e2y n\u00ean nh\u1eefng c\u00f4ng tr\u00ecnh c\u00f3 ch\u1ea5t l\u01b0\u1ee3ng v\u01b0\u1ee3t tr\u1ed9i, \u0111\u1ed3ng th\u1eddi \u0111\u1ec3 \u0111\u00e1p \u1ee9ng \u0111\u01b0\u1ee3c nh\u1eefng y\u00eau c\u1ea7u kh\u1eaft khe v\u1ec1 k\u1ef9 thu\u1eadt c\u1ee7a Ch\u1ee7 \u0111\u1ea7u t\u01b0 \u0111\u1ed1i v\u1edbi nh\u1eefng c\u00f4ng tr\u00ecnh c\u00f3 quy m\u00f4 l\u1edbn v\u00e0 ph\u1ee9c t\u1ea1p, ch\u00fang t\u00f4i \u0111\u00e3 kh\u00f4ng ng\u1eebng n\u1ed7 l\u1ef1c ho\u00e0n thi\u1ec7n v\u00e0 c\u1ea3i ti\u1ebfn quy tr\u00ecnh l\u00e0m vi\u1ec7c tinh g\u1ecdn, linh ho\u1ea1t, n\u00e2ng t\u1ea7m \u0111\u1ed9i ng\u0169 k\u1ef9 s\u01b0 gi\u00e0u kinh nghi\u1ec7m, y\u00eau ngh\u1ec1 b\u1eb1ng c\u00e1ch t\u1ea1o ra m\u1ed9t m\u00f4i tr\u01b0\u1eddng l\u00e0m vi\u1ec7c minh b\u1ea1ch, n\u0103ng \u0111\u1ed9ng v\u00e0 chuy\u00ean nghi\u1ec7p.<\/p>\n<p>Ch\u00fang t\u00f4i th\u1ea5u hi\u1ec3u r\u1eb1ng \u0111\u1ec3 \u0111\u1ea1t \u0111\u01b0\u1ee3c th\u00e0nh qu\u1ea3 c\u1ee7a ng\u00e0y h\u00f4m nay, \u0111\u00f3 l\u00e0 s\u1ef1 t\u1eadn t\u00e2m v\u00e0 \u0111\u00f3ng g\u00f3p c\u1ee7a c\u1ea3 m\u1ed9t t\u1eadp th\u1ec3. Do \u0111\u00f3, t\u1ea1i\u00a0<strong>NEWTECONS<\/strong>, ch\u00fang t\u00f4i x\u00e1c \u0111\u1ecbnh con ng\u01b0\u1eddi ch\u00ednh l\u00e0 nh\u00e2n t\u1ed1 ch\u00ednh t\u1ea1o n\u00ean thay \u0111\u1ed5i v\u00e0 mang l\u1ea1i th\u00e0nh c\u00f4ng trong s\u1ef1 ph\u00e1t tri\u1ec3n c\u1ee7a c\u00f4ng ty. \u0110\u1ecbnh h\u01b0\u1edbng cho s\u1ef1 l\u1edbn m\u1ea1nh v\u00e0 ph\u00e1t tri\u1ec3n c\u1ee7a\u00a0<strong>NEWTECONS<\/strong>\u00a0trong nh\u1eefng n\u0103m t\u1edbi, Ban L\u00e3nh \u0111\u1ea1o \u0111\u00e3 \u0111\u1eb7t ra t\u1ea7m nh\u00ecn v\u00e0 chi\u1ebfn l\u01b0\u1ee3c ph\u00e1t tri\u1ec3n c\u00f4ng ty tr\u1edf th\u00e0nh m\u1ed9t trong nh\u1eefng T\u1ed5ng th\u1ea7u uy t\u00edn v\u00e0 chuy\u00ean nghi\u1ec7p h\u00e0ng \u0111\u1ea7u t\u1ea1i Vi\u1ec7t Nam v\u00e0 khu v\u1ef1c.<\/p>\n<p>Ch\u00fang t\u00f4i tin t\u01b0\u1edfng b\u1eb1ng tinh th\u1ea7n \u0111o\u00e0n k\u1ebft c\u1ee7a \u0111\u1ed9i ng\u0169 nh\u00e2n l\u1ef1c gi\u00e0u kinh nghi\u1ec7m, s\u1ef1 c\u1ea3i ti\u1ebfn li\u00ean t\u1ee5c trong ho\u1ea1t \u0111\u1ed9ng thi c\u00f4ng, t\u00ednh nh\u1ea1y b\u00e9n trong vi\u1ec7c n\u1eafm b\u1eaft nhu c\u1ea7u th\u1ecb tr\u01b0\u1eddng x\u00e2y d\u1ef1ng v\u00e0 kh\u1ea3 n\u0103ng \u0111\u00e1p \u1ee9ng linh ho\u1ea1t c\u00e1c y\u00eau c\u1ea7u c\u1ee7a Ch\u1ee7 \u0111\u1ea7u t\u01b0,\u00a0<strong>NEWTECONS<\/strong>\u00a0s\u1ebd kh\u00f4ng ng\u1eebng ph\u00e1t tri\u1ec3n v\u00e0 l\u1edbn m\u1ea1nh trong t\u01b0\u01a1ng lai. C\u00f9ng nhau, ch\u00fang t\u00f4i s\u1ebd ki\u1ebfn t\u1ea1o n\u00ean nh\u1eefng c\u00f4ng tr\u00ecnh m\u1edbi mang t\u1ea7m v\u00f3c Vi\u1ec7t v\u00e0 v\u01b0\u01a1n xa trong khu v\u1ef1c.[\/vc_column_text][\/vc_tta_section][vc_tta_section title=&#8221;T\u1ea7m nh\u00ecn s\u1ee9 m\u1ec7nh&#8221; tab_id=&#8221;1618301958708-6219e523-4f7d&#8221;][vc_column_text]<strong>T\u1ea6M NH\u00ccN<\/strong><br \/>\nTr\u1edf th\u00e0nh m\u1ed9t T\u1ed5ng th\u1ea7u x\u00e2y d\u1ef1ng v\u1eefng m\u1ea1nh c\u00f3 ti\u1ec1m l\u1ef1c kinh t\u1ebf h\u00e0ng \u0111\u1ea7u t\u1ea1i Vi\u1ec7t Nam.<\/p>\n<p><strong>S\u1ee8 M\u1ec6NH<\/strong><br \/>\n\u201cBuild on Trust\u201d \u2013 l\u1ea5y uy t\u00edn ch\u1ea5t l\u01b0\u1ee3ng l\u00e0m th\u01b0\u1edbc \u0111o th\u01b0\u01a1ng hi\u1ec7u. S\u1ef1 tin t\u01b0\u1edfng c\u1ee7a b\u1ea1n l\u00e0 chu\u1ea9n m\u1ef1c cho gi\u00e1 tr\u1ecb c\u1ee7a ch\u00fang t\u00f4i.[\/vc_column_text][\/vc_tta_section][vc_tta_section title=&#8221;N\u0103ng l\u1ef1c&#8221; tab_id=&#8221;1618302124656-0a03ee61-0f21&#8243;][vc_column_text]<strong>An to\u00e0n s\u1ee9c kho\u1ebb \u2013 vui v\u1ebb v\u1ec1 nh\u00e0<\/strong><br \/>\nX\u00e1c \u0111\u1ecbnh \u0111\u01b0\u1ee3c con ng\u01b0\u1eddi l\u00e0 t\u00e0i s\u1ea3n qu\u00fd gi\u00e1 nh\u1ea5t c\u0169ng nh\u01b0 l\u00e0 ch\u00eca kh\u00f3a d\u1eabn t\u1edbi th\u00e0nh c\u00f4ng, ch\u00fang t\u00f4i mang trong m\u00ecnh tr\u1ecdng tr\u00e1ch gi\u1eef g\u00ecn s\u1ef1 an t\u00e2m, m\u00f4i tr\u01b0\u1eddng l\u00e0m vi\u1ec7c an to\u00e0n cho to\u00e0n b\u1ed9 nh\u00e2n vi\u00ean d\u1ef1a tr\u00ean h\u1ec7 th\u1ed1ng qu\u1ea3n l\u00fd An to\u00e0n \u2013 S\u1ee9c kh\u1ecfe \u2013 Ngh\u1ec1 nghi\u1ec7p \u0111\u1ea1t ti\u00eau chu\u1ea9n qu\u1ed1c t\u1ebf OHSAS 18001 \u2013 2007. V\u1edbi ph\u01b0\u01a1ng ch\u00e2m \u201cAn to\u00e0n lao \u0111\u1ed9ng l\u00e0 tr\u00e1ch nhi\u1ec7m c\u1ee7a m\u1ecdi ng\u01b0\u1eddi v\u00e0 m\u1ecdi ng\u01b0\u1eddi c\u00f9ng tham gia th\u1ef1c hi\u1ec7n c\u00f4ng t\u00e1c an to\u00e0n\u201d,\u00a0<strong><a href=\"https:\/\/newtecons.vn\/\">NEWTECONS<\/a><\/strong>\u00a0\u0111\u00e3 x\u00e2y d\u1ef1ng c\u00e1c quy tr\u00ecnh qu\u1ea3n l\u00fd an to\u00e0n, nh\u1eadn \u0111\u1ecbnh r\u1ee7i ro cho \u0111\u1ed9i ng\u0169 k\u1ef9 s\u01b0, gi\u00e1m s\u00e1t tr\u1ef1c ti\u1ebfp thi c\u00f4ng v\u00e0 t\u1ea5t c\u1ea3 c\u00f4ng nh\u00e2n lao \u0111\u1ed9ng t\u1ea1i c\u00f4ng tr\u01b0\u1eddng, nh\u1eb1m truy\u1ec1n \u0111\u1ea1t, trang b\u1ecb cho ng\u01b0\u1eddi lao \u0111\u1ed9ng hi\u1ec3u, n\u1eafm r\u00f5 v\u00e0 th\u1ef1c hi\u1ec7n \u0111\u00fang c\u00e1c quy \u0111\u1ecbnh v\u1ec1 an to\u00e0n lao \u0111\u1ed9ng \u0111\u1ec3 t\u1ea1o n\u00ean m\u1ed9t m\u00f4i tr\u01b0\u1eddng an to\u00e0n. M\u1ed7i ng\u00e0y \u0111\u1ebfn v\u1edbi C\u00f4ng tr\u01b0\u1eddng c\u1ee7a ch\u00fang t\u00f4i, c\u00e1c b\u1ea1n s\u1ebd d\u1ec5 d\u00e0ng nh\u1eadn th\u1ea5y s\u1ef1 \u0111am m\u00ea, h\u0103ng say c\u1ee7a m\u1ecdi ng\u01b0\u1eddi trong c\u00f4ng vi\u1ec7c v\u00e0 ni\u1ec1m vui, h\u1ea1nh ph\u00fac khi tr\u1edf v\u1ec1 v\u1edbi gia \u0111\u00ecnh.<\/p>\n<p><strong>Th\u00e0nh c\u00f4ng c\u1ee7a d\u1ef1 \u00e1n l\u00e0 an to\u00e0n \u2013 ch\u1ea5t l\u01b0\u1ee3ng \u2013 ti\u1ebfn \u0111\u1ed9<\/strong><br \/>\nV\u1edbi c\u01a1 c\u1ea5u t\u1ed5 ch\u1ee9c gi\u00e1m s\u00e1t an to\u00e0n \u0111\u1ed9c l\u1eadp, h\u1ec7 th\u1ed1ng an to\u00e0n vi\u00ean chuy\u00ean nghi\u1ec7p, am hi\u1ec3u chuy\u00ean m\u00f4n, lu\u00f4n lu\u00f4n \u0111\u1ea3m b\u1ea3o th\u00f4ng tin ch\u00ednh x\u00e1c, kh\u00e1ch quan, ch\u00fang t\u00f4i kh\u00f4ng ng\u1eebng c\u1ea3i ti\u1ebfn, n\u00e2ng cao H\u1ec7 th\u1ed1ng qu\u1ea3n l\u00fd An to\u00e0n. Tr\u01b0\u1edbc m\u1ed7i d\u1ef1 \u00e1n, song song v\u1edbi c\u00e1c bi\u1ec7n ph\u00e1p thi c\u00f4ng l\u00e0 s\u1ef1 chu\u1ea9n b\u1ecb chu \u0111\u00e1o cho bi\u1ec7n ph\u00e1p an to\u00e0n d\u1ef1a tr\u00ean ti\u00eau chu\u1ea9n Qu\u1ed1c t\u1ebf \u0111\u1ec3 \u0111\u00e1p \u1ee9ng v\u01b0\u1ee3t mong \u0111\u1ee3i c\u1ee7a Ch\u1ee7 \u0111\u1ea7u t\u01b0. Ban An to\u00e0n t\u1ed5 ch\u1ee9c hu\u1ea5n luy\u1ec7n cho c\u00f4ng nh\u00e2n nh\u1eb1m n\u00e2ng cao nh\u1eadn th\u1ee9c c\u1ee7a ng\u01b0\u1eddi lao \u0111\u1ed9ng v\u1ec1 c\u00f4ng t\u00e1c an to\u00e0n. Tr\u01b0\u1edbc m\u1ed7i h\u1ea1ng m\u1ee5c thi c\u00f4ng, Ban ch\u1ec9 huy c\u00f4ng tr\u01b0\u1eddng ph\u1ea3i tu\u00e2n th\u1ee7 nghi\u00eam t\u00fac c\u00e1c quy tr\u00ecnh, th\u1ef1c hi\u1ec7n ph\u00e2n t\u00edch, \u0111\u00e1nh gi\u00e1 c\u00e1c r\u1ee7i ro c\u00f3 th\u1ec3 x\u1ea3y ra \u0111\u1ec1 ra c\u00e1c bi\u1ec7n ph\u00e1p ph\u00f2ng ng\u1eeba hi\u1ec7u qu\u1ea3 v\u00e0 truy\u1ec1n th\u00f4ng \u0111\u1ebfn t\u1eebng c\u00e1 nh\u00e2n l\u00e0m vi\u1ec7c tr\u00ean c\u00f4ng tr\u01b0\u1eddng.<\/p>\n<p>Ngo\u00e0i c\u00e1c ho\u1ea1t \u0111\u1ed9ng tr\u00ean, Ban An to\u00e0n c\u00f2n th\u01b0\u1eddng xuy\u00ean t\u1ed5 ch\u1ee9c di\u1ec5n t\u1eadp s\u01a1 c\u1ea5p c\u1ee9u, PCCC nh\u1eb1m ng\u0103n ng\u1eeba c\u00e1c nguy c\u01a1 ch\u00e1y n\u1ed5 v\u00e0 \u1ee9ng ph\u00f3 k\u1ecbp th\u1eddi khi x\u1ea3y ra t\u00ecnh hu\u1ed1ng b\u1ea5t ng\u1edd. \u0110\u1ed3ng th\u1eddi th\u01b0\u1eddng xuy\u00ean ki\u1ec3m tra s\u1ee9c kh\u1ecfe \u0111\u1ecbnh k\u1ef3 cho ng\u01b0\u1eddi lao \u0111\u1ed9ng.[\/vc_column_text][\/vc_tta_section][vc_tta_section title=&#8221;Kh\u00e1ch h\u00e0ng &amp; \u0111\u1ed1i t\u00e1c&#8221; tab_id=&#8221;1618302126325-a2bf0f86-2ac6&#8243;][vc_column_text]<strong>An to\u00e0n s\u1ee9c kho\u1ebb \u2013 vui v\u1ebb v\u1ec1 nh\u00e0<\/strong><br \/>\nX\u00e1c \u0111\u1ecbnh \u0111\u01b0\u1ee3c con ng\u01b0\u1eddi l\u00e0 t\u00e0i s\u1ea3n qu\u00fd gi\u00e1 nh\u1ea5t c\u0169ng nh\u01b0 l\u00e0 ch\u00eca kh\u00f3a d\u1eabn t\u1edbi th\u00e0nh c\u00f4ng, ch\u00fang t\u00f4i mang trong m\u00ecnh tr\u1ecdng tr\u00e1ch gi\u1eef g\u00ecn s\u1ef1 an t\u00e2m, m\u00f4i tr\u01b0\u1eddng l\u00e0m vi\u1ec7c an to\u00e0n cho to\u00e0n b\u1ed9 nh\u00e2n vi\u00ean d\u1ef1a tr\u00ean h\u1ec7 th\u1ed1ng qu\u1ea3n l\u00fd An to\u00e0n \u2013 S\u1ee9c kh\u1ecfe \u2013 Ngh\u1ec1 nghi\u1ec7p \u0111\u1ea1t ti\u00eau chu\u1ea9n qu\u1ed1c t\u1ebf OHSAS 18001 \u2013 2007. V\u1edbi ph\u01b0\u01a1ng ch\u00e2m \u201cAn to\u00e0n lao \u0111\u1ed9ng l\u00e0 tr\u00e1ch nhi\u1ec7m c\u1ee7a m\u1ecdi ng\u01b0\u1eddi v\u00e0 m\u1ecdi ng\u01b0\u1eddi c\u00f9ng tham gia th\u1ef1c hi\u1ec7n c\u00f4ng t\u00e1c an to\u00e0n\u201d,\u00a0<strong><a href=\"https:\/\/newtecons.vn\/\">NEWTECONS<\/a><\/strong>\u00a0\u0111\u00e3 x\u00e2y d\u1ef1ng c\u00e1c quy tr\u00ecnh qu\u1ea3n l\u00fd an to\u00e0n, nh\u1eadn \u0111\u1ecbnh r\u1ee7i ro cho \u0111\u1ed9i ng\u0169 k\u1ef9 s\u01b0, gi\u00e1m s\u00e1t tr\u1ef1c ti\u1ebfp thi c\u00f4ng v\u00e0 t\u1ea5t c\u1ea3 c\u00f4ng nh\u00e2n lao \u0111\u1ed9ng t\u1ea1i c\u00f4ng tr\u01b0\u1eddng, nh\u1eb1m truy\u1ec1n \u0111\u1ea1t, trang b\u1ecb cho ng\u01b0\u1eddi lao \u0111\u1ed9ng hi\u1ec3u, n\u1eafm r\u00f5 v\u00e0 th\u1ef1c hi\u1ec7n \u0111\u00fang c\u00e1c quy \u0111\u1ecbnh v\u1ec1 an to\u00e0n lao \u0111\u1ed9ng \u0111\u1ec3 t\u1ea1o n\u00ean m\u1ed9t m\u00f4i tr\u01b0\u1eddng an to\u00e0n. M\u1ed7i ng\u00e0y \u0111\u1ebfn v\u1edbi C\u00f4ng tr\u01b0\u1eddng c\u1ee7a ch\u00fang t\u00f4i, c\u00e1c b\u1ea1n s\u1ebd d\u1ec5 d\u00e0ng nh\u1eadn th\u1ea5y s\u1ef1 \u0111am m\u00ea, h\u0103ng say c\u1ee7a m\u1ecdi ng\u01b0\u1eddi trong c\u00f4ng vi\u1ec7c v\u00e0 ni\u1ec1m vui, h\u1ea1nh ph\u00fac khi tr\u1edf v\u1ec1 v\u1edbi gia \u0111\u00ecnh.[\/vc_column_text][\/vc_tta_section][\/vc_tta_tabs][\/vc_column][\/vc_row]<\/p>\n","protected":false},"excerpt":{"rendered":"<p>[vc_row][vc_column][vc_tta_tabs][vc_tta_section title=&#8221;T\u1ed5ng quan c\u00f4ng ty&#8221; tab_id=&#8221;1618301958693-b37da17b-0af6&#8243;][vc_column_text]C\u00f4ng ty C\u1ed5 ph\u1ea7n \u0110\u1ea7u t\u01b0 X\u00e2y d\u1ef1ng\u00a0NEWTECONS\u00a0\u0111\u01b0\u1ee3c th\u00e0nh l\u1eadp v\u00e0o th\u00e1ng 10 n\u0103m 2003, \u0111\u01b0\u1ee3c bi\u1ebft \u0111\u1ebfn l\u00e0 m\u1ed9t trong nh\u1eefng \u0111\u01a1n v\u1ecb uy t\u00edn trong l\u0129nh v\u1ef1c thi c\u00f4ng x\u00e2y d\u1ef1ng v\u1edbi \u0111a d\u1ea1ng c\u00e1c lo\u1ea1i h\u00ecnh c\u00f4ng tr\u00ecnh, t\u1eeb d\u1ef1 \u00e1n trung t\u00e2m th\u01b0\u01a1ng m\u1ea1i, khu c\u0103n [&hellip;]<\/p>\n","protected":false},"author":1,"featured_media":0,"parent":0,"menu_order":0,"comment_status":"closed","ping_status":"closed","template":"","meta":{"footnotes":""},"class_list":["post-8","page","type-page","status-publish","hentry"],"_links":{"self":[{"href":"https:\/\/tech5.mypagedemo.com\/nevovietnam\/wp-json\/wp\/v2\/pages\/8","targetHints":{"allow":["GET"]}}],"collection":[{"href":"https:\/\/tech5.mypagedemo.com\/nevovietnam\/wp-json\/wp\/v2\/pages"}],"about":[{"href":"https:\/\/tech5.mypagedemo.com\/nevovietnam\/wp-json\/wp\/v2\/types\/page"}],"author":[{"embeddable":true,"href":"https:\/\/tech5.mypagedemo.com\/nevovietnam\/wp-json\/wp\/v2\/users\/1"}],"replies":[{"embeddable":true,"href":"https:\/\/tech5.mypagedemo.com\/nevovietnam\/wp-json\/wp\/v2\/comments?post=8"}],"version-history":[{"count":4,"href":"https:\/\/tech5.mypagedemo.com\/nevovietnam\/wp-json\/wp\/v2\/pages\/8\/revisions"}],"predecessor-version":[{"id":102,"href":"https:\/\/tech5.mypagedemo.com\/nevovietnam\/wp-json\/wp\/v2\/pages\/8\/revisions\/102"}],"wp:attachment":[{"href":"https:\/\/tech5.mypagedemo.com\/nevovietnam\/wp-json\/wp\/v2\/media?parent=8"}],"curies":[{"name":"wp","href":"https:\/\/api.w.org\/{rel}","templated":true}]}}